{"id":20,"date":"2022-06-18T13:03:09","date_gmt":"2022-06-18T11:03:09","guid":{"rendered":"http:\/\/wp.fachseminar-sport.com\/?page_id=20"},"modified":"2026-05-05T15:40:13","modified_gmt":"2026-05-05T13:40:13","slug":"ueber-mich","status":"publish","type":"page","link":"https:\/\/www.fachseminar-sport.com\/?page_id=20","title":{"rendered":"\u00dcber mich"},"content":{"rendered":"\t\t<div data-elementor-type=\"wp-page\" data-elementor-id=\"20\" class=\"elementor elementor-20\">\n\t\t\t\t\t\t\t\t\t<div class=\"elementor-section elementor-top-section elementor-element elementor-element-fdebec2 elementor-section-height-min-height elementor-section-items-stretch elementor-reverse-tablet elementor-reverse-mobile elementor-section-boxed elementor-section-height-default\" data-id=\"fdebec2\" data-element_type=\"section\" data-settings=\"{&quot;background_background&quot;:&quot;classic&quot;}\">\n\t\t\t\t\t\t\t<div class=\"elementor-background-overlay\"><\/div>\n\t\t\t\t\t\t\t<div class=\"elementor-container elementor-column-gap-no\">\n\t\t\t\t\t<div class=\"elementor-column elementor-col-50 elementor-top-column elementor-element elementor-element-d675ea5\" data-id=\"d675ea5\" data-element_type=\"column\">\n\t\t\t<div class=\"elementor-widget-wrap elementor-element-populated\">\n\t\t\t\t\t\t\t\t<div class=\"elementor-element elementor-element-8c2b574 elementor-widget elementor-widget-menu-anchor\" data-id=\"8c2b574\" data-element_type=\"widget\" data-widget_type=\"menu-anchor.default\">\n\t\t\t\t<div class=\"elementor-widget-container\">\n\t\t\t\t\t<div id=\"top\" class=\"elementor-menu-anchor\"><\/div>\n\t\t\t\t<\/div>\n\t\t\t\t<\/div>\n\t\t\t\t<div class=\"elementor-element elementor-element-df1a870 elementor-invisible elementor-widget elementor-widget-heading\" data-id=\"df1a870\" data-element_type=\"widget\" data-settings=\"{&quot;_animation&quot;:&quot;fadeInUp&quot;}\" data-widget_type=\"heading.default\">\n\t\t\t\t<div class=\"elementor-widget-container\">\n\t\t\t<h1 class=\"elementor-heading-title elementor-size-default\">\u00dcber mich<\/h1>\t\t<\/div>\n\t\t\t\t<\/div>\n\t\t\t\t<div class=\"elementor-element elementor-element-6f561d5 elementor-icon-list--layout-traditional elementor-list-item-link-full_width elementor-widget elementor-widget-icon-list\" data-id=\"6f561d5\" data-element_type=\"widget\" data-widget_type=\"icon-list.default\">\n\t\t\t\t<div class=\"elementor-widget-container\">\n\t\t\t\t\t<ul class=\"elementor-icon-list-items\">\n\t\t\t\t\t\t\t<li class=\"elementor-icon-list-item\">\n\t\t\t\t\t\t\t\t\t\t\t<a href=\"https:\/\/www.zfsl.nrw.de\/BON\" target=\"_blank\">\n\n\t\t\t\t\t\t\t\t\t\t\t\t<span class=\"elementor-icon-list-icon\">\n\t\t\t\t\t\t\t<svg aria-hidden=\"true\" class=\"e-font-icon-svg e-fas-check\" viewBox=\"0 0 512 512\" xmlns=\"http:\/\/www.w3.org\/2000\/svg\"><path d=\"M173.898 439.404l-166.4-166.4c-9.997-9.997-9.997-26.206 0-36.204l36.203-36.204c9.997-9.998 26.207-9.998 36.204 0L192 312.69 432.095 72.596c9.997-9.997 26.207-9.997 36.204 0l36.203 36.204c9.997 9.997 9.997 26.206 0 36.204l-294.4 294.401c-9.998 9.997-26.207 9.997-36.204-.001z\"><\/path><\/svg>\t\t\t\t\t\t<\/span>\n\t\t\t\t\t\t\t\t\t\t<span class=\"elementor-icon-list-text\">Fachleiter f\u00fcr das Fach Sport am ZfsL Bonn (Seminar Gy\/Ge)<\/span>\n\t\t\t\t\t\t\t\t\t\t\t<\/a>\n\t\t\t\t\t\t\t\t\t<\/li>\n\t\t\t\t\t\t\t\t<li class=\"elementor-icon-list-item\">\n\t\t\t\t\t\t\t\t\t\t\t<a href=\"https:\/\/www.bezreg-koeln.nrw.de\/themen\/schule-und-bildung\/sport\" target=\"_blank\">\n\n\t\t\t\t\t\t\t\t\t\t\t\t<span class=\"elementor-icon-list-icon\">\n\t\t\t\t\t\t\t<svg aria-hidden=\"true\" class=\"e-font-icon-svg e-fas-check\" viewBox=\"0 0 512 512\" xmlns=\"http:\/\/www.w3.org\/2000\/svg\"><path d=\"M173.898 439.404l-166.4-166.4c-9.997-9.997-9.997-26.206 0-36.204l36.203-36.204c9.997-9.998 26.207-9.998 36.204 0L192 312.69 432.095 72.596c9.997-9.997 26.207-9.997 36.204 0l36.203 36.204c9.997 9.997 9.997 26.206 0 36.204l-294.4 294.401c-9.998 9.997-26.207 9.997-36.204-.001z\"><\/path><\/svg>\t\t\t\t\t\t<\/span>\n\t\t\t\t\t\t\t\t\t\t<span class=\"elementor-icon-list-text\">Berater im Schulsport der Bezirksregierung K\u00f6ln<\/span>\n\t\t\t\t\t\t\t\t\t\t\t<\/a>\n\t\t\t\t\t\t\t\t\t<\/li>\n\t\t\t\t\t\t\t\t<li class=\"elementor-icon-list-item\">\n\t\t\t\t\t\t\t\t\t\t\t<a href=\"https:\/\/www.bezreg-koeln.nrw.de\/themen\/schule-und-bildung\/sport\" target=\"_blank\">\n\n\t\t\t\t\t\t\t\t\t\t\t\t<span class=\"elementor-icon-list-icon\">\n\t\t\t\t\t\t\t<svg aria-hidden=\"true\" class=\"e-font-icon-svg e-fas-check\" viewBox=\"0 0 512 512\" xmlns=\"http:\/\/www.w3.org\/2000\/svg\"><path d=\"M173.898 439.404l-166.4-166.4c-9.997-9.997-9.997-26.206 0-36.204l36.203-36.204c9.997-9.998 26.207-9.998 36.204 0L192 312.69 432.095 72.596c9.997-9.997 26.207-9.997 36.204 0l36.203 36.204c9.997 9.997 9.997 26.206 0 36.204l-294.4 294.401c-9.998 9.997-26.207 9.997-36.204-.001z\"><\/path><\/svg>\t\t\t\t\t\t<\/span>\n\t\t\t\t\t\t\t\t\t\t<span class=\"elementor-icon-list-text\">Fachberater der 'Gesch\u00e4ftsstelle Reanimation' der BR K\u00f6ln<\/span>\n\t\t\t\t\t\t\t\t\t\t\t<\/a>\n\t\t\t\t\t\t\t\t\t<\/li>\n\t\t\t\t\t\t\t\t<li class=\"elementor-icon-list-item\">\n\t\t\t\t\t\t\t\t\t\t\t<a href=\"https:\/\/ema-bonn.de\/\" target=\"_blank\">\n\n\t\t\t\t\t\t\t\t\t\t\t\t<span class=\"elementor-icon-list-icon\">\n\t\t\t\t\t\t\t<svg aria-hidden=\"true\" class=\"e-font-icon-svg e-fas-check\" viewBox=\"0 0 512 512\" xmlns=\"http:\/\/www.w3.org\/2000\/svg\"><path d=\"M173.898 439.404l-166.4-166.4c-9.997-9.997-9.997-26.206 0-36.204l36.203-36.204c9.997-9.998 26.207-9.998 36.204 0L192 312.69 432.095 72.596c9.997-9.997 26.207-9.997 36.204 0l36.203 36.204c9.997 9.997 9.997 26.206 0 36.204l-294.4 294.401c-9.998 9.997-26.207 9.997-36.204-.001z\"><\/path><\/svg>\t\t\t\t\t\t<\/span>\n\t\t\t\t\t\t\t\t\t\t<span class=\"elementor-icon-list-text\">Lehrer am Ernst-Moritz-Arndt-Gymnasium Bonn<\/span>\n\t\t\t\t\t\t\t\t\t\t\t<\/a>\n\t\t\t\t\t\t\t\t\t<\/li>\n\t\t\t\t\t\t<\/ul>\n\t\t\t\t<\/div>\n\t\t\t\t<\/div>\n\t\t\t\t<div class=\"elementor-element elementor-element-49ecf10 elementor-widget elementor-widget-text-editor\" data-id=\"49ecf10\" data-element_type=\"widget\" data-widget_type=\"text-editor.default\">\n\t\t\t\t<div class=\"elementor-widget-container\">\n\t\t\t\t\t\t\t<p>Im Anschluss an mein <strong>Lehramtsstudium<\/strong> (GH Kassel &amp; WWU M\u00fcnster) sowie mein <b>Referendariat<\/b> in Siegburg habe ich im Rahmen von Vertretungsunterricht und Festanstellungen beginnend mit dem Schuljahr 2000\/2001 vielf\u00e4ltige <b>Unterrichtserfahrungen an mehreren Haupt-, Real- und Gesamtschulen sowie Gymnasien<\/b> sammeln k\u00f6nnen.<br \/><br \/><\/p><p>Seit 2008 bin ich am Ernst-Moritz-Arndt-Gymnasium in Bonn als Sport- und Biologielehrer besch\u00e4ftigt und bin dort neben allgemeinen Aufgaben v.a. zust\u00e4ndig f\u00fcr<\/p><ul><li><strong>Erste-Hilfe-Ausbildung &amp; Auffrischung<\/strong> des Lehrerkollegiums sowie die Grundausbildung unserer Schulsanit\u00e4ter*innen<\/li><li><strong>Ausbildung &amp; Auffrischung<\/strong> von Lehrkr\u00e4ften &amp; interessierten Sch\u00fcler*innen in den Bereichen <strong>Rettungsf\u00e4higkeit &amp; Rettungsschwimmen<\/strong><\/li><li><strong>Qualifizierung<\/strong> von Sch\u00fcler*innen zu <strong>Skilehrerinnen und Skilehrern<\/strong> im Rahmen von Projektkursen in der Q1<br \/><br \/><\/li><\/ul><p>Mit Beginn des Schuljahres 2001\/2002 wurde ich zum <strong>Berater im Schulsport der Bezirksregierung K\u00f6ln<\/strong> berufen und bin dort haupts\u00e4chlich f\u00fcr folgende Themenfelder zust\u00e4ndig:<\/p><ul><li><strong>Sicherheitsf\u00f6rderung<\/strong><\/li><li><strong>Schwimmen &amp; Rettungsschwimmen<\/strong><\/li><li><strong>(Ger\u00e4te-) Tauchen<\/strong><\/li><li><strong>Erste Hilfe &amp; Laienreanimation<\/strong><\/li><li><strong>alpines Skilaufen<\/strong><\/li><li><strong>Medieneinsatz im Sportunterricht<\/strong><\/li><li>u.v.m.<\/li><\/ul><p><br \/>In meiner Funktion als Berater im Schulsport bin ich direkter Ansprechpartner f\u00fcr die Gymnasien der Stadt Bonn sowie des Rhein-Sieg-Kreises.<\/p><p><br \/>Seit 2008 bin ich als <strong>Fachleiter f\u00fcr das Fach Sport<\/strong> t\u00e4tig (2008 &#8211; 2020 im ZfsL Vettwei\u00df\/D\u00fcren, seit 2020 im ZfsL Bonn).<\/p><p><br \/>Mit Beginn des Schuljahres 2025\/26 habe ich als zus\u00e4tzliche Funktion die Beauftragung als\u00a0<b>Fachberater f\u00fcr die &#8218;Gesch\u00e4ftsstelle Reanimation&#8216; der Bezirksregierung K\u00f6ln<\/b> \u00fcbernommen.<\/p><p><strong><br \/>Im Rahmen meines sportlichen Werdegangs habe ich u.a. folgende Qualifikationen erworben:<\/strong><\/p><ul><li><strong>CMAS Tauchlehrer TL***<\/strong> \/ <a href=\"https:\/\/www.ida-worldwide.com\/\" target=\"_blank\" rel=\"noopener\">IDA &#8211; International Diving Association<\/a><\/li><li><strong>CMAS NITROX Basic Instructor<\/strong> \/ <a href=\"https:\/\/www.ida-worldwide.com\/\" target=\"_blank\" rel=\"noopener\">IDA &#8211; International Diving Association<\/a><\/li><li><strong>Skilehrer &#8211; Instructor<\/strong> \/ <a href=\"https:\/\/wsv-ski.de\/\" target=\"_blank\" rel=\"noopener\">wsv &#8211; Westdeutscher Skiverband<\/a><\/li><li><strong>Talentsicher Ski (Scout)<\/strong> \/ <a href=\"https:\/\/wsv-ski.de\/\" target=\"_blank\" rel=\"noopener\">wsv &#8211; Westdeutscher Skiverband<\/a><\/li><li><strong>Lehrschein Schwimmen &amp; Rettungsschwimmen<\/strong> \/ <a href=\"https:\/\/www.dlrg.de\/\" target=\"_blank\" rel=\"noopener\">DLRG &#8211; Deutsche Lebens-Rettung-Gesellschaft<\/a><\/li><li><strong>Ausbilderlizenz Erste Hilfe<\/strong> \/ <a href=\"https:\/\/www.dlrg.de\/\" target=\"_blank\" rel=\"noopener\">DLRG &#8211; Deutsche Lebens-Rettung-Gesellschaft<\/a><\/li><li><strong>R\u00fcckenschullehrer<\/strong> \/ <a href=\"https:\/\/www.ifgp.de\/\" target=\"_blank\" rel=\"noopener\">IfGP &#8211; Institut f\u00fcr Gesundheit und Pr\u00e4vention<\/a><\/li><li>u.v.m.<\/li><\/ul><p><br \/>Meine Freizeit verbringe ich wenn m\u00f6glich in irgendeiner Form im, am, auf oder unter Wasser und NICHT mit Fernsehsport \ud83d\ude09<\/p>\t\t\t\t\t\t<\/div>\n\t\t\t\t<\/div>\n\t\t\t\t\t<\/div>\n\t\t<\/div>\n\t\t\t\t<div class=\"elementor-column elementor-col-50 elementor-top-column elementor-element elementor-element-94a5fc5\" data-id=\"94a5fc5\" data-element_type=\"column\" data-settings=\"{&quot;background_background&quot;:&quot;classic&quot;}\">\n\t\t\t<div class=\"elementor-widget-wrap elementor-element-populated\">\n\t\t\t\t\t\t\t\t<div class=\"elementor-element elementor-element-74a0572 elementor-invisible elementor-widget elementor-widget-image\" data-id=\"74a0572\" data-element_type=\"widget\" data-settings=\"{&quot;_animation&quot;:&quot;fadeInDown&quot;}\" data-widget_type=\"image.default\">\n\t\t\t\t<div class=\"elementor-widget-container\">\n\t\t\t\t\t\t\t\t\t\t\t\t\t\t\t<img fetchpriority=\"high\" decoding=\"async\" width=\"346\" height=\"211\" src=\"https:\/\/www.fachseminar-sport.com\/wp-content\/uploads\/2022\/06\/shapeimage_1.png\" class=\"attachment-large size-large wp-image-393\" alt=\"Ralph Br\u00f6cker\" srcset=\"https:\/\/www.fachseminar-sport.com\/wp-content\/uploads\/2022\/06\/shapeimage_1.png 346w, https:\/\/www.fachseminar-sport.com\/wp-content\/uploads\/2022\/06\/shapeimage_1-300x183.png 300w\" sizes=\"(max-width: 346px) 100vw, 346px\" \/>\t\t\t\t\t\t\t\t\t\t\t\t\t\t\t<\/div>\n\t\t\t\t<\/div>\n\t\t\t\t\t<\/div>\n\t\t<\/div>\n\t\t\t\t\t\t\t<\/div>\n\t\t<\/div>\n\t\t\t\t\t\t\t<\/div>\n\t\t","protected":false},"excerpt":{"rendered":"<p>\u00dcber mich Fachleiter f\u00fcr das Fach Sport am ZfsL Bonn (Seminar Gy\/Ge) Berater im Schulsport der Bezirksregierung K\u00f6ln Fachberater der &#8218;Gesch\u00e4ftsstelle Reanimation&#8216; der BR K\u00f6ln Lehrer am Ernst-Moritz-Arndt-Gymnasium Bonn Im Anschluss an mein Lehramtsstudium (GH Kassel &amp; WWU M\u00fcnster) sowie mein Referendariat in Siegburg habe ich im Rahmen von Vertretungsunterricht und Festanstellungen beginnend mit dem [&hellip;]<\/p>\n","protected":false},"author":1,"featured_media":0,"parent":0,"menu_order":0,"comment_status":"closed","ping_status":"closed","template":"","meta":{"footnotes":""},"class_list":["post-20","page","type-page","status-publish","hentry"],"_links":{"self":[{"href":"https:\/\/www.fachseminar-sport.com\/index.php?rest_route=\/wp\/v2\/pages\/20","targetHints":{"allow":["GET"]}}],"collection":[{"href":"https:\/\/www.fachseminar-sport.com\/index.php?rest_route=\/wp\/v2\/pages"}],"about":[{"href":"https:\/\/www.fachseminar-sport.com\/index.php?rest_route=\/wp\/v2\/types\/page"}],"author":[{"embeddable":true,"href":"https:\/\/www.fachseminar-sport.com\/index.php?rest_route=\/wp\/v2\/users\/1"}],"replies":[{"embeddable":true,"href":"https:\/\/www.fachseminar-sport.com\/index.php?rest_route=%2Fwp%2Fv2%2Fcomments&post=20"}],"version-history":[{"count":10,"href":"https:\/\/www.fachseminar-sport.com\/index.php?rest_route=\/wp\/v2\/pages\/20\/revisions"}],"predecessor-version":[{"id":2010,"href":"https:\/\/www.fachseminar-sport.com\/index.php?rest_route=\/wp\/v2\/pages\/20\/revisions\/2010"}],"wp:attachment":[{"href":"https:\/\/www.fachseminar-sport.com\/index.php?rest_route=%2Fwp%2Fv2%2Fmedia&parent=20"}],"curies":[{"name":"wp","href":"https:\/\/api.w.org\/{rel}","templated":true}]}}